{"id":296,"date":"2025-08-06T16:53:36","date_gmt":"2025-08-06T16:53:36","guid":{"rendered":"https:\/\/fumott.de\/?post_type=product&#038;p=296"},"modified":"2025-12-31T01:17:27","modified_gmt":"2025-12-31T01:17:27","slug":"fumot-12000-digital-box-12000-einweg-vape-1-vape","status":"publish","type":"product","link":"https:\/\/fumott.de\/en\/product\/fumot-12000-digital-box-12000-einweg-vape-1-vape\/","title":{"rendered":"Fumot 12000 Digital Box 12000 Einweg-Vape \u2013 (1 Vape)"},"content":{"rendered":"<h1 style=\"text-align: center;\">Fumot 12000 Digital Box 12000 Einweg-Vape \u2013 (1 Vape)<\/h1>\n<p style=\"text-align: center;\"><a href=\"https:\/\/fumott.de\/en\/\">Die Fumot 12000 Digital Box 12000 Einweg-Vape<\/a> \u2013 (1 Vape) definiert neu, was Dampfer von einer <a href=\"https:\/\/fumott.de\/en\/fumot-12000-einweg-vape-viele-zuge-intensiver-geschmack\/\">Premium-Einweg-Vape erwarten<\/a>. Entwickelt f\u00fcr langanhaltende Leistung, vollmundigen Geschmack und modernste Benutzerfreundlichkeit, vereint sie Stil und Substanz auf perfekte Weise.<\/p>\n<p style=\"text-align: center;\">Mit einer beeindruckenden Kapazit\u00e4t von <a href=\"http:\/\/tiktok.com\">12.000 Z\u00fcgen, einem klaren<\/a> Digitaldisplay zur Anzeige von Akku- und E-Liquid-Stand sowie Mesh-Coil-Technologie f\u00fcr intensiveren Geschmack ist die <a href=\"https:\/\/fumott.de\/en\/fumot-vape-store-deutschland\/\">Fumot 12000 mehr als nur eine Einweg-Vape<\/a> \u2013 sie bietet ein leistungsstarkes Dampferlebnis.<\/p>\n<h2 style=\"text-align: center;\">\u00a0Warum die Fumot 12000 Digital Box w\u00e4hlen? | Fumot 12000 Digital Box 12000 Einweg-Vape \u2013 (1 Vape)<\/h2>\n<p style=\"text-align: center;\">1. <a href=\"http:\/\/facebook.com\">Verl\u00e4ngerte Lebensdauer mit 12.000 Z\u00fcgen<\/a><br \/>\nGenie\u00dfen Sie wochenlanges Dampfen, ohne st\u00e4ndig ersetzen zu m\u00fcssen. <a href=\"http:\/\/chatgpt.com\">Die gro\u00dfe Kapazit\u00e4t sorgt v<\/a>on Anfang bis Ende f\u00fcr konstante Leistung.<\/p>\n<p style=\"text-align: center;\">2.<a href=\"http:\/\/instagram.com\"> Integriertes Digitaldisplay<\/a><br \/>\nBehalten Sie jederzeit den \u00dcberblick mit Echtzeit-Anzeige von Akkustand und <a href=\"http:\/\/google.com\">E-Liquid-F\u00fcllstand \u2013 kein<\/a> R\u00e4tselraten mehr, nur sanftes Dampfen.<\/p>\n<p style=\"text-align: center;\">3. <a href=\"http:\/\/bing.com\">Fortschrittliche Mesh-Coil-Technologie<\/a><br \/>\nErleben Sie i<a href=\"http:\/\/duckduckgo.com\">ntensivere Aromen<\/a>, gr\u00f6\u00dfere Wolken und sanfte Z\u00fcge bei jedem Puff. <a href=\"http:\/\/reddit.com\">Die Mesh-Coil erhitzt<\/a> gleichm\u00e4\u00dfig f\u00fcr maximalen Geschmack.<\/p>\n<p style=\"text-align: center;\">4. USB-C-Schnellladung<br \/>\nLaden Sie Ihr Ger\u00e4t schnell mit moderner USB-C-Technologie auf und minimieren Sie Ausfallzeiten.<\/p>\n<p style=\"text-align: center;\">5. Schlankes &amp; tragbares Design<br \/>\nKompakt und stilvoll \u2013 die Fumot 12000 ist ideal f\u00fcr unterwegs und vereint Premium-Optik mit starker Leistung.<\/p>\n<p style=\"text-align: center;\">&#8212;<\/p>\n<h3 style=\"text-align: center;\">\u00a0Wichtige Merkmale auf einen Blick<\/h3>\n<p style=\"text-align: center;\">Zuganzahl: Bis zu 12.000 Z\u00fcge<br \/>\nCoil-Typ: Fortschrittliche Mesh-Coil<br \/>\nAkku: Wiederaufladbar mit USB-C-Schnellladung<br \/>\nDigitaldisplay: Anzeige von Akku- und E-Liquid-Stand<br \/>\nDesign: Ergonomisch, taschenfreundlich und stylisch<br \/>\nNikotingehalt:Variiert je nach regionalen Vorschriften<\/p>\n<h4 style=\"text-align: center;\">\u00a0Vorteile der Fumot 12000 Digital Box<\/h4>\n<p style=\"text-align: center;\">L\u00e4ngere Sessions, weniger Aufwand<br \/>\nEin Ger\u00e4t h\u00e4lt deutlich l\u00e4nger als herk\u00f6mmliche Einweg-Vapes \u2013 ideal f\u00fcr Reisen oder den t\u00e4glichen Gebrauch.<\/p>\n<p style=\"text-align: center;\">Geschmack, den man schmeckt<br \/>\nDie Mesh-Coil-Technologie liefert intensiv reiche Aromen vom ersten bis zum letzten Zug.<\/p>\n<p style=\"text-align: center;\">Intelligente Dampfkontrolle<br \/>\nDas Digitaldisplay zeigt genau an, wann es Zeit zum Aufladen oder Austauschen ist.<\/p>\n<h4 style=\"text-align: center;\">\u00a0So verwenden Sie die Fumot 12000 Digital Box<\/h4>\n<p style=\"text-align: center;\">1. Ger\u00e4t auspacken.<br \/>\n2. Vor der ersten Nutzung vollst\u00e4ndig mit einem USB-C-Kabel aufladen.<br \/>\n3. Zum Aktivieren am Mundst\u00fcck ziehen.<br \/>\n4. Akku- und E-Liquid-Stand \u00fcber das Digitaldisplay \u00fcberwachen.<br \/>\n5. Bei Bedarf aufladen, bis das E-Liquid aufgebraucht ist.<\/p>\n<h4 style=\"text-align: center;\">\u00a0Warum sie sich von der Konkurrenz abhebt<\/h4>\n<p style=\"text-align: center;\">Viele Einweg-Vapes bieten entweder eine hohe Zuganzahl **oder** Premium-Technologie \u2013 die **Fumot 12000 Digital Box** bietet beides. Mit intelligentem Display, Mesh-Coil-Geschmack und extrem langer Lebensdauer ist sie die smarte Wahl f\u00fcr anspruchsvolle Dampfer.<\/p>\n<h4 style=\"text-align: center;\">\u00a0Technische Daten<\/h4>\n<p style=\"text-align: center;\">Zuganzahl: 12.000<br \/>\nCoil: Mesh-Coil<br \/>\nAkku:Wiederaufladbar (USB-C)<br \/>\nDisplay: Digitalanzeige f\u00fcr Akku &amp; E-Liquid<br \/>\nDesign: Ergonomisch, auslaufsicher<br \/>\nNikotingehalt: Regionsabh\u00e4ngig<\/p>","protected":false},"excerpt":{"rendered":"<p style=\"text-align: center;\">Die Fumot 12000 Digital Box Einweg-Vape bietet eine enorme Kapazit\u00e4t von 12.000 Z\u00fcgen in einem schlanken, modernen Design mit integriertem Digitaldisplay. Ausgestattet mit Mesh-Coil-Technologie f\u00fcr intensiven Geschmack, einem leistungsstarken wiederaufladbaren Akku und USB-C-Schnellladung ist sie f\u00fcr Dampfer konzipiert, die Stil, Leistung und Komfort in einem Premium-Ger\u00e4t vereint haben m\u00f6chten.<\/p>","protected":false},"featured_media":297,"comment_status":"open","ping_status":"closed","template":"","meta":[],"product_brand":[],"product_cat":[68],"product_tag":[],"class_list":{"0":"post-296","1":"product","2":"type-product","3":"status-publish","4":"has-post-thumbnail","6":"product_cat-fumot-vape","8":"first","9":"instock","10":"shipping-taxable","11":"purchasable","12":"product-type-variable"},"yoast_head":"<!-- This site is optimized with the Yoast SEO plugin v27.1.1 - https:\/\/yoast.com\/product\/yoast-seo-wordpress\/ -->\n<title>Fumot 12000 Digital Box 12000 Einweg-Vape \u2013 (1 Vape)<\/title>\n<meta name=\"description\" content=\"Die Fumot 12000 Digital Box 12000 Einweg-Vape \u2013 (1 Vape) bietet bis zu 12.000 Z\u00fcge, intensive Aromen und Mesh-Coil-Technologie. Ein wiederaufladbarer USB-C-\" \/>\n<meta name=\"robots\" content=\"index, follow, max-snippet:-1, max-image-preview:large, max-video-preview:-1\" \/>\n<link rel=\"canonical\" href=\"https:\/\/fumott.de\/en\/product\/fumot-12000-digital-box-12000-einweg-vape-1-vape\/\" \/>\n<meta property=\"og:locale\" content=\"en_US\" \/>\n<meta property=\"og:type\" content=\"article\" \/>\n<meta property=\"og:title\" content=\"Fumot 12000 Digital Box 12000 Einweg-Vape \u2013 (1 Vape)\" \/>\n<meta property=\"og:description\" content=\"Die Fumot 12000 Digital Box 12000 Einweg-Vape \u2013 (1 Vape) bietet bis zu 12.000 Z\u00fcge, intensive Aromen und Mesh-Coil-Technologie. Ein wiederaufladbarer USB-C-\" \/>\n<meta property=\"og:url\" content=\"https:\/\/fumott.de\/en\/product\/fumot-12000-digital-box-12000-einweg-vape-1-vape\/\" \/>\n<meta property=\"og:site_name\" content=\"FumotVapeShopGermany\" \/>\n<meta property=\"article:modified_time\" content=\"2025-12-31T01:17:27+00:00\" \/>\n<meta property=\"og:image\" content=\"https:\/\/fumott.de\/wp-content\/uploads\/2025\/08\/fumot12k.webp\" \/>\n\t<meta property=\"og:image:width\" content=\"1346\" \/>\n\t<meta property=\"og:image:height\" content=\"1346\" \/>\n\t<meta property=\"og:image:type\" content=\"image\/webp\" \/>\n<meta name=\"twitter:card\" content=\"summary_large_image\" \/>\n<meta name=\"twitter:label1\" content=\"Est. reading time\" \/>\n\t<meta name=\"twitter:data1\" content=\"2 minutes\" \/>\n<script type=\"application\/ld+json\" class=\"yoast-schema-graph\">{\"@context\":\"https:\/\/schema.org\",\"@graph\":[{\"@type\":\"WebPage\",\"@id\":\"https:\/\/fumott.de\/product\/fumot-12000-digital-box-12000-einweg-vape-1-vape\/\",\"url\":\"https:\/\/fumott.de\/product\/fumot-12000-digital-box-12000-einweg-vape-1-vape\/\",\"name\":\"Fumot 12000 Digital Box 12000 Einweg-Vape \u2013 (1 Vape)\",\"isPartOf\":{\"@id\":\"https:\/\/fumott.de\/#website\"},\"primaryImageOfPage\":{\"@id\":\"https:\/\/fumott.de\/product\/fumot-12000-digital-box-12000-einweg-vape-1-vape\/#primaryimage\"},\"image\":{\"@id\":\"https:\/\/fumott.de\/product\/fumot-12000-digital-box-12000-einweg-vape-1-vape\/#primaryimage\"},\"thumbnailUrl\":\"https:\/\/fumott.de\/wp-content\/uploads\/2025\/08\/fumot12k.webp\",\"datePublished\":\"2025-08-06T16:53:36+00:00\",\"dateModified\":\"2025-12-31T01:17:27+00:00\",\"description\":\"Die Fumot 12000 Digital Box 12000 Einweg-Vape \u2013 (1 Vape) bietet bis zu 12.000 Z\u00fcge, intensive Aromen und Mesh-Coil-Technologie. Ein wiederaufladbarer USB-C-\",\"breadcrumb\":{\"@id\":\"https:\/\/fumott.de\/product\/fumot-12000-digital-box-12000-einweg-vape-1-vape\/#breadcrumb\"},\"inLanguage\":\"en-US\",\"potentialAction\":[{\"@type\":\"ReadAction\",\"target\":[\"https:\/\/fumott.de\/product\/fumot-12000-digital-box-12000-einweg-vape-1-vape\/\"]}]},{\"@type\":\"ImageObject\",\"inLanguage\":\"en-US\",\"@id\":\"https:\/\/fumott.de\/product\/fumot-12000-digital-box-12000-einweg-vape-1-vape\/#primaryimage\",\"url\":\"https:\/\/fumott.de\/wp-content\/uploads\/2025\/08\/fumot12k.webp\",\"contentUrl\":\"https:\/\/fumott.de\/wp-content\/uploads\/2025\/08\/fumot12k.webp\",\"width\":1346,\"height\":1346,\"caption\":\"Fumot 12000 Digital Box 12000 Einweg-Vape \u2013 (1 Vape)\"},{\"@type\":\"BreadcrumbList\",\"@id\":\"https:\/\/fumott.de\/product\/fumot-12000-digital-box-12000-einweg-vape-1-vape\/#breadcrumb\",\"itemListElement\":[{\"@type\":\"ListItem\",\"position\":1,\"name\":\"Home\",\"item\":\"https:\/\/fumott.de\/\"},{\"@type\":\"ListItem\",\"position\":2,\"name\":\"Gesch\u00e4ft\",\"item\":\"https:\/\/fumott.de\/fumot-12000-einweg-vape-viele-zuge-intensiver-geschmack\/\"},{\"@type\":\"ListItem\",\"position\":3,\"name\":\"Fumot 12000 Digital Box 12000 Einweg-Vape \u2013 (1 Vape)\"}]},{\"@type\":\"WebSite\",\"@id\":\"https:\/\/fumott.de\/#website\",\"url\":\"https:\/\/fumott.de\/\",\"name\":\"FumotVapeShopGermany\",\"description\":\"\",\"publisher\":{\"@id\":\"https:\/\/fumott.de\/#organization\"},\"potentialAction\":[{\"@type\":\"SearchAction\",\"target\":{\"@type\":\"EntryPoint\",\"urlTemplate\":\"https:\/\/fumott.de\/?s={search_term_string}\"},\"query-input\":{\"@type\":\"PropertyValueSpecification\",\"valueRequired\":true,\"valueName\":\"search_term_string\"}}],\"inLanguage\":\"en-US\"},{\"@type\":\"Organization\",\"@id\":\"https:\/\/fumott.de\/#organization\",\"name\":\"FumotVapeShopGermany\",\"url\":\"https:\/\/fumott.de\/\",\"logo\":{\"@type\":\"ImageObject\",\"inLanguage\":\"en-US\",\"@id\":\"https:\/\/fumott.de\/#\/schema\/logo\/image\/\",\"url\":\"https:\/\/fumott.de\/wp-content\/uploads\/2025\/08\/5802899935778164705.jpg\",\"contentUrl\":\"https:\/\/fumott.de\/wp-content\/uploads\/2025\/08\/5802899935778164705.jpg\",\"width\":640,\"height\":640,\"caption\":\"FumotVapeShopGermany\"},\"image\":{\"@id\":\"https:\/\/fumott.de\/#\/schema\/logo\/image\/\"}}]}<\/script>\n<!-- \/ Yoast SEO plugin. -->","yoast_head_json":{"title":"Fumot 12000 Digital Box 12000 Einweg-Vape \u2013 (1 Vape)","description":"Die Fumot 12000 Digital Box 12000 Einweg-Vape \u2013 (1 Vape) bietet bis zu 12.000 Z\u00fcge, intensive Aromen und Mesh-Coil-Technologie. Ein wiederaufladbarer USB-C-","robots":{"index":"index","follow":"follow","max-snippet":"max-snippet:-1","max-image-preview":"max-image-preview:large","max-video-preview":"max-video-preview:-1"},"canonical":"https:\/\/fumott.de\/en\/product\/fumot-12000-digital-box-12000-einweg-vape-1-vape\/","og_locale":"en_US","og_type":"article","og_title":"Fumot 12000 Digital Box 12000 Einweg-Vape \u2013 (1 Vape)","og_description":"Die Fumot 12000 Digital Box 12000 Einweg-Vape \u2013 (1 Vape) bietet bis zu 12.000 Z\u00fcge, intensive Aromen und Mesh-Coil-Technologie. Ein wiederaufladbarer USB-C-","og_url":"https:\/\/fumott.de\/en\/product\/fumot-12000-digital-box-12000-einweg-vape-1-vape\/","og_site_name":"FumotVapeShopGermany","article_modified_time":"2025-12-31T01:17:27+00:00","og_image":[{"width":1346,"height":1346,"url":"https:\/\/fumott.de\/wp-content\/uploads\/2025\/08\/fumot12k.webp","type":"image\/webp"}],"twitter_card":"summary_large_image","twitter_misc":{"Est. reading time":"2 minutes"},"schema":{"@context":"https:\/\/schema.org","@graph":[{"@type":"WebPage","@id":"https:\/\/fumott.de\/product\/fumot-12000-digital-box-12000-einweg-vape-1-vape\/","url":"https:\/\/fumott.de\/product\/fumot-12000-digital-box-12000-einweg-vape-1-vape\/","name":"Fumot 12000 Digital Box 12000 Einweg-Vape \u2013 (1 Vape)","isPartOf":{"@id":"https:\/\/fumott.de\/#website"},"primaryImageOfPage":{"@id":"https:\/\/fumott.de\/product\/fumot-12000-digital-box-12000-einweg-vape-1-vape\/#primaryimage"},"image":{"@id":"https:\/\/fumott.de\/product\/fumot-12000-digital-box-12000-einweg-vape-1-vape\/#primaryimage"},"thumbnailUrl":"https:\/\/fumott.de\/wp-content\/uploads\/2025\/08\/fumot12k.webp","datePublished":"2025-08-06T16:53:36+00:00","dateModified":"2025-12-31T01:17:27+00:00","description":"Die Fumot 12000 Digital Box 12000 Einweg-Vape \u2013 (1 Vape) bietet bis zu 12.000 Z\u00fcge, intensive Aromen und Mesh-Coil-Technologie. Ein wiederaufladbarer USB-C-","breadcrumb":{"@id":"https:\/\/fumott.de\/product\/fumot-12000-digital-box-12000-einweg-vape-1-vape\/#breadcrumb"},"inLanguage":"en-US","potentialAction":[{"@type":"ReadAction","target":["https:\/\/fumott.de\/product\/fumot-12000-digital-box-12000-einweg-vape-1-vape\/"]}]},{"@type":"ImageObject","inLanguage":"en-US","@id":"https:\/\/fumott.de\/product\/fumot-12000-digital-box-12000-einweg-vape-1-vape\/#primaryimage","url":"https:\/\/fumott.de\/wp-content\/uploads\/2025\/08\/fumot12k.webp","contentUrl":"https:\/\/fumott.de\/wp-content\/uploads\/2025\/08\/fumot12k.webp","width":1346,"height":1346,"caption":"Fumot 12000 Digital Box 12000 Einweg-Vape \u2013 (1 Vape)"},{"@type":"BreadcrumbList","@id":"https:\/\/fumott.de\/product\/fumot-12000-digital-box-12000-einweg-vape-1-vape\/#breadcrumb","itemListElement":[{"@type":"ListItem","position":1,"name":"Home","item":"https:\/\/fumott.de\/"},{"@type":"ListItem","position":2,"name":"Gesch\u00e4ft","item":"https:\/\/fumott.de\/fumot-12000-einweg-vape-viele-zuge-intensiver-geschmack\/"},{"@type":"ListItem","position":3,"name":"Fumot 12000 Digital Box 12000 Einweg-Vape \u2013 (1 Vape)"}]},{"@type":"WebSite","@id":"https:\/\/fumott.de\/#website","url":"https:\/\/fumott.de\/","name":"FumotVapeShopGermany","description":"","publisher":{"@id":"https:\/\/fumott.de\/#organization"},"potentialAction":[{"@type":"SearchAction","target":{"@type":"EntryPoint","urlTemplate":"https:\/\/fumott.de\/?s={search_term_string}"},"query-input":{"@type":"PropertyValueSpecification","valueRequired":true,"valueName":"search_term_string"}}],"inLanguage":"en-US"},{"@type":"Organization","@id":"https:\/\/fumott.de\/#organization","name":"FumotVapeShopGermany","url":"https:\/\/fumott.de\/","logo":{"@type":"ImageObject","inLanguage":"en-US","@id":"https:\/\/fumott.de\/#\/schema\/logo\/image\/","url":"https:\/\/fumott.de\/wp-content\/uploads\/2025\/08\/5802899935778164705.jpg","contentUrl":"https:\/\/fumott.de\/wp-content\/uploads\/2025\/08\/5802899935778164705.jpg","width":640,"height":640,"caption":"FumotVapeShopGermany"},"image":{"@id":"https:\/\/fumott.de\/#\/schema\/logo\/image\/"}}]}},"jetpack_sharing_enabled":true,"_links":{"self":[{"href":"https:\/\/fumott.de\/en\/wp-json\/wp\/v2\/product\/296","targetHints":{"allow":["GET"]}}],"collection":[{"href":"https:\/\/fumott.de\/en\/wp-json\/wp\/v2\/product"}],"about":[{"href":"https:\/\/fumott.de\/en\/wp-json\/wp\/v2\/types\/product"}],"replies":[{"embeddable":true,"href":"https:\/\/fumott.de\/en\/wp-json\/wp\/v2\/comments?post=296"}],"wp:featuredmedia":[{"embeddable":true,"href":"https:\/\/fumott.de\/en\/wp-json\/wp\/v2\/media\/297"}],"wp:attachment":[{"href":"https:\/\/fumott.de\/en\/wp-json\/wp\/v2\/media?parent=296"}],"wp:term":[{"taxonomy":"product_brand","embeddable":true,"href":"https:\/\/fumott.de\/en\/wp-json\/wp\/v2\/product_brand?post=296"},{"taxonomy":"product_cat","embeddable":true,"href":"https:\/\/fumott.de\/en\/wp-json\/wp\/v2\/product_cat?post=296"},{"taxonomy":"product_tag","embeddable":true,"href":"https:\/\/fumott.de\/en\/wp-json\/wp\/v2\/product_tag?post=296"}],"curies":[{"name":"wp","href":"https:\/\/api.w.org\/{rel}","templated":true}]}}